{"id":3354,"date":"2022-05-23T15:42:48","date_gmt":"2022-05-23T13:42:48","guid":{"rendered":"http:\/\/staging.hotelilcervo.com\/die-zimmer\/superior-zimmer\/"},"modified":"2024-08-26T11:50:10","modified_gmt":"2024-08-26T09:50:10","slug":"superior-zimmer","status":"publish","type":"page","link":"https:\/\/www.hotelilcervo.com\/de\/die-zimmer\/superior-zimmer\/","title":{"rendered":"Superior-Zimmer"},"content":{"rendered":"<p>[et_pb_section fb_built=&#8220;1&#8243; _builder_version=&#8220;4.17.4&#8243; _module_preset=&#8220;default&#8220; background_color=&#8220;#3a3123&#8243; background_image=&#8220;https:\/\/www.hotelilcervo.com\/wp-content\/uploads\/2022\/06\/hotel-cervo-tarvisio-GAB_1746-.jpg&#8220; background_position=&#8220;top_center&#8220; background_vertical_offset=&#8220;62%&#8220; background_blend=&#8220;overlay&#8220; global_colors_info=&#8220;{}&#8220;][et_pb_row _builder_version=&#8220;4.17.3&#8243; _module_preset=&#8220;default&#8220; global_colors_info=&#8220;{}&#8220;][et_pb_column type=&#8220;4_4&#8243; _builder_version=&#8220;4.17.3&#8243; _module_preset=&#8220;default&#8220; global_colors_info=&#8220;{}&#8220;][et_pb_text _builder_version=&#8220;4.17.4&#8243; _module_preset=&#8220;default&#8220; text_font=&#8220;Cormorant Garamond|700|||||||&#8220; text_text_color=&#8220;#FAF5E1&#8243; text_font_size=&#8220;84px&#8220; text_orientation=&#8220;center&#8220; custom_padding=&#8220;100px||20px||false|false&#8220; custom_padding_tablet=&#8220;100px||20px||false|false&#8220; custom_padding_phone=&#8220;50px||||false|false&#8220; custom_padding_last_edited=&#8220;on|phone&#8220; text_font_size_tablet=&#8220;84px&#8220; text_font_size_phone=&#8220;50px&#8220; text_font_size_last_edited=&#8220;on|phone&#8220; text_line_height_tablet=&#8220;&#8220; text_line_height_phone=&#8220;1em&#8220; text_line_height_last_edited=&#8220;on|phone&#8220; global_colors_info=&#8220;{}&#8220;]<\/p>\n<p>Superior-Zimmer<\/p>\n<p>[\/et_pb_text][et_pb_text content_tablet=&#8220;<\/p>\n<p style=%22text-align: center;%22>Naturausblick und Eintauchen in die Natur<\/p>\n<p>&#8220; content_phone=&#8220;<\/p>\n<p style=%22text-align: center;%22>Naturausblick und Eintauchen <br \/>in die Natur<\/p>\n<p>&#8220; content_last_edited=&#8220;on|phone&#8220; _builder_version=&#8220;4.17.4&#8243; _module_preset=&#8220;default&#8220; text_font=&#8220;Cormorant Garamond|700|||||||&#8220; text_text_color=&#8220;#FAF5E1&#8243; text_font_size=&#8220;28px&#8220; custom_padding=&#8220;10px||30px||false|false&#8220; text_line_height_tablet=&#8220;&#8220; text_line_height_phone=&#8220;1em&#8220; text_line_height_last_edited=&#8220;on|phone&#8220; global_colors_info=&#8220;{}&#8220;]<\/p>\n<p style=\"text-align: center;\">Naturausblick und Eintauchen in die Natur<\/p>\n<p>[\/et_pb_text][\/et_pb_column][\/et_pb_row][\/et_pb_section][et_pb_section fb_built=&#8220;1&#8243; admin_label=&#8220;About&#8220; _builder_version=&#8220;4.16&#8243; _module_preset=&#8220;default&#8220; global_colors_info=&#8220;{}&#8220;][et_pb_row _builder_version=&#8220;4.17.4&#8243; _module_preset=&#8220;default&#8220; global_colors_info=&#8220;{}&#8220;][et_pb_column type=&#8220;4_4&#8243; _builder_version=&#8220;4.17.4&#8243; _module_preset=&#8220;default&#8220; global_colors_info=&#8220;{}&#8220;][et_pb_gallery gallery_ids=&#8220;2263,2264,2269,2267,2268,2266&#8243; fullwidth=&#8220;on&#8220; _builder_version=&#8220;4.17.4&#8243; _module_preset=&#8220;default&#8220; global_colors_info=&#8220;{}&#8220;][\/et_pb_gallery][\/et_pb_column][\/et_pb_row][et_pb_row column_structure=&#8220;3_5,2_5&#8243; _builder_version=&#8220;4.17.4&#8243; _module_preset=&#8220;default&#8220; global_colors_info=&#8220;{}&#8220;][et_pb_column type=&#8220;3_5&#8243; _builder_version=&#8220;4.16&#8243; _module_preset=&#8220;default&#8220; global_colors_info=&#8220;{}&#8220;][et_pb_divider color=&#8220;rgba(51,51,51,0.1)&#8220; _builder_version=&#8220;4.17.4&#8243; _module_preset=&#8220;default&#8220; width=&#8220;84%&#8220; module_alignment=&#8220;left&#8220; custom_margin=&#8220;0px||12px||false|false&#8220; custom_padding=&#8220;0px||0px||false|false&#8220; global_colors_info=&#8220;{}&#8220;][\/et_pb_divider][et_pb_text _builder_version=&#8220;4.17.4&#8243; _module_preset=&#8220;default&#8220; text_font=&#8220;|300|||||||&#8220; text_text_color=&#8220;#3A3123&#8243; text_line_height=&#8220;1.6em&#8220; width=&#8220;82%&#8220; locked=&#8220;off&#8220; global_colors_info=&#8220;{}&#8220;]<\/p>\n<div class=\"col-text-1 text-normal element-top-20 element-bottom-20 os-animation animated fadeIn\" data-os-animation=\"fadeIn\" data-os-animation-delay=\"0.3s\">\n<div class=\"col-text-1 text-normal element-top-20 element-bottom-20\" data-os-animation=\"none\" data-os-animation-delay=\"0s\">\n<div class=\"\">\n<div class=\"\">\n<p>Unsere Superior-Zimmer eignen sich sowohl f\u00fcr Gesch\u00e4ftsreisende als auch f\u00fcr diejenigen, die einen erholsamen und unterhaltsamen Aufenthalt w\u00fcnschen.<\/p>\n<\/div>\n<div class=\"\"><\/div>\n<div class=\"\">\n<p><strong><\/strong><\/p>\n<p><strong><span style=\"color: #d19b07;\">\u201eNaturausblick und Eintauchen in die Natur\u201c<\/span><\/strong><\/p>\n<p><strong><\/strong><\/p>\n<\/div>\n<div class=\"\"><\/div>\n<div class=\"\">Belegung: Einzelzimmer, Doppelzimmer, Zweibettzimmer.<\/div>\n<div class=\"\">Wir haben auch rollstuhlgerechte Zimmer.<\/div>\n<\/div>\n<\/div>\n<\/div>\n<div class=\"col-text-1 text-normal element-top-20 element-bottom-100 os-animation animated fadeIn\" data-os-animation=\"fadeIn\" data-os-animation-delay=\"0.3s\"><\/div>\n<p>[\/et_pb_text][\/et_pb_column][et_pb_column type=&#8220;2_5&#8243; _builder_version=&#8220;4.16&#8243; _module_preset=&#8220;default&#8220; global_colors_info=&#8220;{}&#8220;][et_pb_button button_url=&#8220;@ET-DC@eyJkeW5hbWljIjp0cnVlLCJjb250ZW50IjoicG9zdF9saW5rX3VybF9wYWdlIiwic2V0dGluZ3MiOnsicG9zdF9pZCI6IjM5OSJ9fQ==@&#8220; button_text=&#8220;JETZT BUCHEN&#8220; button_alignment=&#8220;right&#8220; button_alignment_tablet=&#8220;left&#8220; button_alignment_phone=&#8220;&#8220; button_alignment_last_edited=&#8220;on|tablet&#8220; _builder_version=&#8220;4.17.4&#8243; _dynamic_attributes=&#8220;button_url&#8220; _module_preset=&#8220;default&#8220; custom_button=&#8220;on&#8220; button_text_size=&#8220;14px&#8220; button_text_color=&#8220;#3A3123&#8243; button_bg_color=&#8220;#E9C172&#8243; button_border_color=&#8220;rgba(0,0,0,0)&#8220; button_border_radius=&#8220;0px&#8220; button_letter_spacing=&#8220;4px&#8220; button_font=&#8220;Cormorant Garamond|700||on|||||&#8220; button_icon=&#8220;&#x24;||divi||400&#8243; background_layout=&#8220;dark&#8220; custom_margin=&#8220;44px||||false|false&#8220; custom_margin_tablet=&#8220;||||false|false&#8220; custom_margin_phone=&#8220;|||0px|false|false&#8220; custom_margin_last_edited=&#8220;on|phone&#8220; custom_padding=&#8220;15px|40px|15px|40px|true|true&#8220; button_text_size_tablet=&#8220;14px&#8220; button_text_size_phone=&#8220;12px&#8220; button_text_size_last_edited=&#8220;on|phone&#8220; global_colors_info=&#8220;{}&#8220;][\/et_pb_button][\/et_pb_column][\/et_pb_row][et_pb_row column_structure=&#8220;1_2,1_2&#8243; _builder_version=&#8220;4.17.4&#8243; _module_preset=&#8220;default&#8220; global_colors_info=&#8220;{}&#8220;][et_pb_column type=&#8220;1_2&#8243; _builder_version=&#8220;4.17.4&#8243; _module_preset=&#8220;default&#8220; global_colors_info=&#8220;{}&#8220;][et_pb_text _builder_version=&#8220;4.17.4&#8243; _module_preset=&#8220;default&#8220; text_font=&#8220;Cormorant Garamond|700|||||||&#8220; text_text_color=&#8220;#3A3123&#8243; text_font_size=&#8220;72px&#8220; text_line_height=&#8220;1.8em&#8220; header_2_font=&#8220;|700|||||||&#8220; header_2_text_color=&#8220;#3A3123&#8243; header_2_font_size=&#8220;72px&#8220; max_width=&#8220;600px&#8220; custom_margin=&#8220;||0px||false|false&#8220; custom_margin_tablet=&#8220;||0px||false|false&#8220; custom_margin_phone=&#8220;||12px||false|false&#8220; custom_margin_last_edited=&#8220;on|phone&#8220; custom_padding=&#8220;||0px||false|false&#8220; text_font_size_tablet=&#8220;72px&#8220; text_font_size_phone=&#8220;32px&#8220; text_font_size_last_edited=&#8220;on|phone&#8220; header_2_font_size_tablet=&#8220;48px&#8220; header_2_font_size_phone=&#8220;32px&#8220; header_2_font_size_last_edited=&#8220;on|phone&#8220; global_colors_info=&#8220;{}&#8220;]<\/p>\n<p>Serviceleistungen<\/p>\n<p>[\/et_pb_text][et_pb_divider color=&#8220;rgba(51,51,51,0.1)&#8220; _builder_version=&#8220;4.17.4&#8243; _module_preset=&#8220;default&#8220; width=&#8220;50%&#8220; module_alignment=&#8220;left&#8220; custom_margin=&#8220;-16px||12px||false|false&#8220; custom_padding=&#8220;0px||0px||false|false&#8220; global_colors_info=&#8220;{}&#8220;][\/et_pb_divider][et_pb_text _builder_version=&#8220;4.17.4&#8243; _module_preset=&#8220;default&#8220; text_font=&#8220;|300|||||||&#8220; width=&#8220;54%&#8220; global_colors_info=&#8220;{}&#8220;]<\/p>\n<p><span>Alle Superior-Zimmer verf\u00fcgen \u00fcber: 36&#8243;-LED-DTV + Sky Hotel, Telefon, Minibar, Safe, Wi-Fi.<\/span><\/p>\n<p>[\/et_pb_text][\/et_pb_column][et_pb_column type=&#8220;1_2&#8243; _builder_version=&#8220;4.17.4&#8243; _module_preset=&#8220;default&#8220; global_colors_info=&#8220;{}&#8220;][et_pb_text _builder_version=&#8220;4.17.4&#8243; _module_preset=&#8220;default&#8220; text_font=&#8220;Cormorant Garamond|700|||||||&#8220; text_text_color=&#8220;#3A3123&#8243; text_font_size=&#8220;72px&#8220; text_line_height=&#8220;1.8em&#8220; header_2_font=&#8220;|700|||||||&#8220; header_2_text_color=&#8220;#3A3123&#8243; header_2_font_size=&#8220;72px&#8220; max_width=&#8220;600px&#8220; custom_margin=&#8220;||0px||false|false&#8220; custom_margin_tablet=&#8220;||0px||false|false&#8220; custom_margin_phone=&#8220;||12px||false|false&#8220; custom_margin_last_edited=&#8220;on|phone&#8220; custom_padding=&#8220;||0px||false|false&#8220; text_font_size_tablet=&#8220;72px&#8220; text_font_size_phone=&#8220;32px&#8220; text_font_size_last_edited=&#8220;on|phone&#8220; header_2_font_size_tablet=&#8220;48px&#8220; header_2_font_size_phone=&#8220;32px&#8220; header_2_font_size_last_edited=&#8220;on|phone&#8220; global_colors_info=&#8220;{}&#8220;]<\/p>\n<p>Check-in \/ out<\/p>\n<p>[\/et_pb_text][et_pb_divider color=&#8220;rgba(51,51,51,0.1)&#8220; _builder_version=&#8220;4.17.4&#8243; _module_preset=&#8220;default&#8220; width=&#8220;82%&#8220; module_alignment=&#8220;left&#8220; custom_margin=&#8220;-16px||12px||false|false&#8220; custom_padding=&#8220;0px||0px||false|false&#8220; global_colors_info=&#8220;{}&#8220;][\/et_pb_divider][et_pb_text _builder_version=&#8220;4.17.4&#8243; _module_preset=&#8220;default&#8220; text_font=&#8220;|300|||||||&#8220; width=&#8220;54%&#8220; global_colors_info=&#8220;{}&#8220;]<\/p>\n<p><span><span style=\"color: #d19b07;\"><strong>Check-in<\/strong><\/span> ab <strong>15.30<\/strong> Uhr<\/span><\/p>\n<p><span><span style=\"color: #d19b07;\"><strong>Check-out<\/strong><\/span> bis einschlie\u00dflich <strong>10.00 Uhr<\/strong><\/span><\/p>\n<p>[\/et_pb_text][\/et_pb_column][\/et_pb_row][\/et_pb_section]<\/p>\n","protected":false},"excerpt":{"rendered":"<p>Superior-ZimmerNaturausblick und Eintauchen in die Natur Unsere Superior-Zimmer eignen sich sowohl f\u00fcr Gesch\u00e4ftsreisende als auch f\u00fcr diejenigen, die einen erholsamen und unterhaltsamen Aufenthalt w\u00fcnschen. \u201eNaturausblick und Eintauchen in die Natur\u201c Belegung: Einzelzimmer, Doppelzimmer, Zweibettzimmer. Wir haben auch rollstuhlgerechte Zimmer. ServiceleistungenAlle Superior-Zimmer verf\u00fcgen \u00fcber: 36&#8243;-LED-DTV + Sky Hotel, Telefon, Minibar, Safe, Wi-Fi.Check-in \/ outCheck-in ab 15.30 [&hellip;]<\/p>\n","protected":false},"author":2,"featured_media":0,"parent":3343,"menu_order":0,"comment_status":"closed","ping_status":"closed","template":"","meta":{"_et_pb_use_builder":"on","_et_pb_old_content":"","_et_gb_content_width":"","footnotes":""},"class_list":["post-3354","page","type-page","status-publish","hentry"],"yoast_head":"<!-- This site is optimized with the Yoast SEO plugin v27.4 - https:\/\/yoast.com\/product\/yoast-seo-wordpress\/ -->\n<title>Superior-Zimmer | Hotel Cervo<\/title>\n<meta name=\"robots\" content=\"index, follow, max-snippet:-1, max-image-preview:large, max-video-preview:-1\" \/>\n<link rel=\"canonical\" href=\"https:\/\/www.hotelilcervo.com\/de\/die-zimmer\/superior-zimmer\/\" \/>\n<meta property=\"og:locale\" content=\"de_DE\" \/>\n<meta property=\"og:type\" content=\"article\" \/>\n<meta property=\"og:title\" content=\"Superior-Zimmer | Hotel Cervo\" \/>\n<meta property=\"og:description\" content=\"Superior-ZimmerNaturausblick und Eintauchen in die Natur Unsere Superior-Zimmer eignen sich sowohl f\u00fcr Gesch\u00e4ftsreisende als auch f\u00fcr diejenigen, die einen erholsamen und unterhaltsamen Aufenthalt w\u00fcnschen. \u201eNaturausblick und Eintauchen in die Natur\u201c Belegung: Einzelzimmer, Doppelzimmer, Zweibettzimmer. Wir haben auch rollstuhlgerechte Zimmer. ServiceleistungenAlle Superior-Zimmer verf\u00fcgen \u00fcber: 36&quot;-LED-DTV + Sky Hotel, Telefon, Minibar, Safe, Wi-Fi.Check-in \/ outCheck-in ab 15.30 [&hellip;]\" \/>\n<meta property=\"og:url\" content=\"https:\/\/www.hotelilcervo.com\/de\/die-zimmer\/superior-zimmer\/\" \/>\n<meta property=\"og:site_name\" content=\"Hotel Cervo\" \/>\n<meta property=\"article:modified_time\" content=\"2024-08-26T09:50:10+00:00\" \/>\n<meta name=\"twitter:card\" content=\"summary_large_image\" \/>\n<meta name=\"twitter:label1\" content=\"Gesch\u00e4tzte Lesezeit\" \/>\n\t<meta name=\"twitter:data1\" content=\"5\u00a0Minuten\" \/>\n<script type=\"application\/ld+json\" class=\"yoast-schema-graph\">{\"@context\":\"https:\\\/\\\/schema.org\",\"@graph\":[{\"@type\":\"WebPage\",\"@id\":\"https:\\\/\\\/www.hotelilcervo.com\\\/de\\\/die-zimmer\\\/superior-zimmer\\\/\",\"url\":\"https:\\\/\\\/www.hotelilcervo.com\\\/de\\\/die-zimmer\\\/superior-zimmer\\\/\",\"name\":\"Superior-Zimmer | Hotel Cervo\",\"isPartOf\":{\"@id\":\"https:\\\/\\\/www.hotelilcervo.com\\\/#website\"},\"datePublished\":\"2022-05-23T13:42:48+00:00\",\"dateModified\":\"2024-08-26T09:50:10+00:00\",\"breadcrumb\":{\"@id\":\"https:\\\/\\\/www.hotelilcervo.com\\\/de\\\/die-zimmer\\\/superior-zimmer\\\/#breadcrumb\"},\"inLanguage\":\"de\",\"potentialAction\":[{\"@type\":\"ReadAction\",\"target\":[\"https:\\\/\\\/www.hotelilcervo.com\\\/de\\\/die-zimmer\\\/superior-zimmer\\\/\"]}]},{\"@type\":\"BreadcrumbList\",\"@id\":\"https:\\\/\\\/www.hotelilcervo.com\\\/de\\\/die-zimmer\\\/superior-zimmer\\\/#breadcrumb\",\"itemListElement\":[{\"@type\":\"ListItem\",\"position\":1,\"name\":\"Home\",\"item\":\"https:\\\/\\\/www.hotelilcervo.com\\\/de\\\/\"},{\"@type\":\"ListItem\",\"position\":2,\"name\":\"Die Zimmer\",\"item\":\"https:\\\/\\\/www.hotelilcervo.com\\\/de\\\/die-zimmer\\\/\"},{\"@type\":\"ListItem\",\"position\":3,\"name\":\"Superior-Zimmer\"}]},{\"@type\":\"WebSite\",\"@id\":\"https:\\\/\\\/www.hotelilcervo.com\\\/#website\",\"url\":\"https:\\\/\\\/www.hotelilcervo.com\\\/\",\"name\":\"Hotel Cervo\",\"description\":\"\",\"publisher\":{\"@id\":\"https:\\\/\\\/www.hotelilcervo.com\\\/#organization\"},\"potentialAction\":[{\"@type\":\"SearchAction\",\"target\":{\"@type\":\"EntryPoint\",\"urlTemplate\":\"https:\\\/\\\/www.hotelilcervo.com\\\/?s={search_term_string}\"},\"query-input\":{\"@type\":\"PropertyValueSpecification\",\"valueRequired\":true,\"valueName\":\"search_term_string\"}}],\"inLanguage\":\"de\"},{\"@type\":\"Organization\",\"@id\":\"https:\\\/\\\/www.hotelilcervo.com\\\/#organization\",\"name\":\"Hotel il Cervo - Tarvisio (UD)\",\"url\":\"https:\\\/\\\/www.hotelilcervo.com\\\/\",\"logo\":{\"@type\":\"ImageObject\",\"inLanguage\":\"de\",\"@id\":\"https:\\\/\\\/www.hotelilcervo.com\\\/#\\\/schema\\\/logo\\\/image\\\/\",\"url\":\"https:\\\/\\\/www.hotelilcervo.com\\\/wp-content\\\/uploads\\\/2022\\\/05\\\/Hotel-Hotel-Cervo-Tarvisio-logo.png\",\"contentUrl\":\"https:\\\/\\\/www.hotelilcervo.com\\\/wp-content\\\/uploads\\\/2022\\\/05\\\/Hotel-Hotel-Cervo-Tarvisio-logo.png\",\"width\":2128,\"height\":1127,\"caption\":\"Hotel il Cervo - Tarvisio (UD)\"},\"image\":{\"@id\":\"https:\\\/\\\/www.hotelilcervo.com\\\/#\\\/schema\\\/logo\\\/image\\\/\"}}]}<\/script>\n<!-- \/ Yoast SEO plugin. -->","yoast_head_json":{"title":"Superior-Zimmer | Hotel Cervo","robots":{"index":"index","follow":"follow","max-snippet":"max-snippet:-1","max-image-preview":"max-image-preview:large","max-video-preview":"max-video-preview:-1"},"canonical":"https:\/\/www.hotelilcervo.com\/de\/die-zimmer\/superior-zimmer\/","og_locale":"de_DE","og_type":"article","og_title":"Superior-Zimmer | Hotel Cervo","og_description":"Superior-ZimmerNaturausblick und Eintauchen in die Natur Unsere Superior-Zimmer eignen sich sowohl f\u00fcr Gesch\u00e4ftsreisende als auch f\u00fcr diejenigen, die einen erholsamen und unterhaltsamen Aufenthalt w\u00fcnschen. \u201eNaturausblick und Eintauchen in die Natur\u201c Belegung: Einzelzimmer, Doppelzimmer, Zweibettzimmer. Wir haben auch rollstuhlgerechte Zimmer. ServiceleistungenAlle Superior-Zimmer verf\u00fcgen \u00fcber: 36\"-LED-DTV + Sky Hotel, Telefon, Minibar, Safe, Wi-Fi.Check-in \/ outCheck-in ab 15.30 [&hellip;]","og_url":"https:\/\/www.hotelilcervo.com\/de\/die-zimmer\/superior-zimmer\/","og_site_name":"Hotel Cervo","article_modified_time":"2024-08-26T09:50:10+00:00","twitter_card":"summary_large_image","twitter_misc":{"Gesch\u00e4tzte Lesezeit":"5\u00a0Minuten"},"schema":{"@context":"https:\/\/schema.org","@graph":[{"@type":"WebPage","@id":"https:\/\/www.hotelilcervo.com\/de\/die-zimmer\/superior-zimmer\/","url":"https:\/\/www.hotelilcervo.com\/de\/die-zimmer\/superior-zimmer\/","name":"Superior-Zimmer | Hotel Cervo","isPartOf":{"@id":"https:\/\/www.hotelilcervo.com\/#website"},"datePublished":"2022-05-23T13:42:48+00:00","dateModified":"2024-08-26T09:50:10+00:00","breadcrumb":{"@id":"https:\/\/www.hotelilcervo.com\/de\/die-zimmer\/superior-zimmer\/#breadcrumb"},"inLanguage":"de","potentialAction":[{"@type":"ReadAction","target":["https:\/\/www.hotelilcervo.com\/de\/die-zimmer\/superior-zimmer\/"]}]},{"@type":"BreadcrumbList","@id":"https:\/\/www.hotelilcervo.com\/de\/die-zimmer\/superior-zimmer\/#breadcrumb","itemListElement":[{"@type":"ListItem","position":1,"name":"Home","item":"https:\/\/www.hotelilcervo.com\/de\/"},{"@type":"ListItem","position":2,"name":"Die Zimmer","item":"https:\/\/www.hotelilcervo.com\/de\/die-zimmer\/"},{"@type":"ListItem","position":3,"name":"Superior-Zimmer"}]},{"@type":"WebSite","@id":"https:\/\/www.hotelilcervo.com\/#website","url":"https:\/\/www.hotelilcervo.com\/","name":"Hotel Cervo","description":"","publisher":{"@id":"https:\/\/www.hotelilcervo.com\/#organization"},"potentialAction":[{"@type":"SearchAction","target":{"@type":"EntryPoint","urlTemplate":"https:\/\/www.hotelilcervo.com\/?s={search_term_string}"},"query-input":{"@type":"PropertyValueSpecification","valueRequired":true,"valueName":"search_term_string"}}],"inLanguage":"de"},{"@type":"Organization","@id":"https:\/\/www.hotelilcervo.com\/#organization","name":"Hotel il Cervo - Tarvisio (UD)","url":"https:\/\/www.hotelilcervo.com\/","logo":{"@type":"ImageObject","inLanguage":"de","@id":"https:\/\/www.hotelilcervo.com\/#\/schema\/logo\/image\/","url":"https:\/\/www.hotelilcervo.com\/wp-content\/uploads\/2022\/05\/Hotel-Hotel-Cervo-Tarvisio-logo.png","contentUrl":"https:\/\/www.hotelilcervo.com\/wp-content\/uploads\/2022\/05\/Hotel-Hotel-Cervo-Tarvisio-logo.png","width":2128,"height":1127,"caption":"Hotel il Cervo - Tarvisio (UD)"},"image":{"@id":"https:\/\/www.hotelilcervo.com\/#\/schema\/logo\/image\/"}}]}},"_links":{"self":[{"href":"https:\/\/www.hotelilcervo.com\/de\/wp-json\/wp\/v2\/pages\/3354","targetHints":{"allow":["GET"]}}],"collection":[{"href":"https:\/\/www.hotelilcervo.com\/de\/wp-json\/wp\/v2\/pages"}],"about":[{"href":"https:\/\/www.hotelilcervo.com\/de\/wp-json\/wp\/v2\/types\/page"}],"author":[{"embeddable":true,"href":"https:\/\/www.hotelilcervo.com\/de\/wp-json\/wp\/v2\/users\/2"}],"replies":[{"embeddable":true,"href":"https:\/\/www.hotelilcervo.com\/de\/wp-json\/wp\/v2\/comments?post=3354"}],"version-history":[{"count":7,"href":"https:\/\/www.hotelilcervo.com\/de\/wp-json\/wp\/v2\/pages\/3354\/revisions"}],"predecessor-version":[{"id":3655,"href":"https:\/\/www.hotelilcervo.com\/de\/wp-json\/wp\/v2\/pages\/3354\/revisions\/3655"}],"up":[{"embeddable":true,"href":"https:\/\/www.hotelilcervo.com\/de\/wp-json\/wp\/v2\/pages\/3343"}],"wp:attachment":[{"href":"https:\/\/www.hotelilcervo.com\/de\/wp-json\/wp\/v2\/media?parent=3354"}],"curies":[{"name":"wp","href":"https:\/\/api.w.org\/{rel}","templated":true}]}}