{"id":3301,"date":"2022-05-24T13:54:37","date_gmt":"2022-05-24T11:54:37","guid":{"rendered":"http:\/\/staging.hotelilcervo.com\/attivita-e-territorio\/winter\/"},"modified":"2023-07-07T15:37:35","modified_gmt":"2023-07-07T13:37:35","slug":"winter","status":"publish","type":"page","link":"https:\/\/www.hotelilcervo.com\/de\/attivita-e-territorio\/winter\/","title":{"rendered":"Winter"},"content":{"rendered":"<p>[et_pb_section fb_built=&#8220;1&#8243; _builder_version=&#8220;4.17.4&#8243; _module_preset=&#8220;default&#8220; background_color=&#8220;#3a3123&#8243; background_image=&#8220;https:\/\/www.hotelilcervo.com\/wp-content\/uploads\/2022\/06\/hotel-cervo-tarvisio-cervo-piste-da-sci.jpg&#8220; background_blend=&#8220;overlay&#8220; global_colors_info=&#8220;{}&#8220;][et_pb_row _builder_version=&#8220;4.17.3&#8243; _module_preset=&#8220;default&#8220; global_colors_info=&#8220;{}&#8220;][et_pb_column type=&#8220;4_4&#8243; _builder_version=&#8220;4.17.3&#8243; _module_preset=&#8220;default&#8220; global_colors_info=&#8220;{}&#8220;][et_pb_text _builder_version=&#8220;4.17.4&#8243; _module_preset=&#8220;default&#8220; text_font=&#8220;Cormorant Garamond|700|||||||&#8220; text_text_color=&#8220;#FAF5E1&#8243; text_font_size=&#8220;84px&#8220; text_orientation=&#8220;center&#8220; custom_padding=&#8220;100px||20px||false|false&#8220; text_line_height_tablet=&#8220;&#8220; text_line_height_phone=&#8220;1em&#8220; text_line_height_last_edited=&#8220;on|phone&#8220; global_colors_info=&#8220;{}&#8220;]<\/p>\n<p>Winter in Tarvis<\/p>\n<p>[\/et_pb_text][et_pb_text content_tablet=&#8220;<\/p>\n<p style=%22text-align: center;%22>das ideale Klima f\u00fcr Sport &amp; Entspannung<\/p>\n<p>&#8220; content_phone=&#8220;<\/p>\n<p style=%22text-align: center;%22>das ideale Klima f\u00fcr Sport<br \/>&amp; Entspannung<\/p>\n<p>&#8220; content_last_edited=&#8220;on|phone&#8220; _builder_version=&#8220;4.17.4&#8243; _module_preset=&#8220;default&#8220; text_font=&#8220;Cormorant Garamond|700|||||||&#8220; text_text_color=&#8220;#FAF5E1&#8243; text_font_size=&#8220;28px&#8220; custom_padding=&#8220;10px||30px||false|false&#8220; text_line_height_tablet=&#8220;&#8220; text_line_height_phone=&#8220;1em&#8220; text_line_height_last_edited=&#8220;on|phone&#8220; global_colors_info=&#8220;{}&#8220;]<\/p>\n<p style=\"text-align: center;\">das ideale Klima f\u00fcr Sport &amp; Entspannung<\/p>\n<p>[\/et_pb_text][\/et_pb_column][\/et_pb_row][\/et_pb_section][et_pb_section fb_built=&#8220;1&#8243; admin_label=&#8220;About&#8220; _builder_version=&#8220;4.16&#8243; _module_preset=&#8220;default&#8220; global_colors_info=&#8220;{}&#8220;][et_pb_row column_structure=&#8220;2_5,3_5&#8243; _builder_version=&#8220;4.17.3&#8243; _module_preset=&#8220;default&#8220; global_colors_info=&#8220;{}&#8220;][et_pb_column type=&#8220;2_5&#8243; _builder_version=&#8220;4.16&#8243; _module_preset=&#8220;default&#8220; global_colors_info=&#8220;{}&#8220;][et_pb_text _builder_version=&#8220;4.17.4&#8243; _module_preset=&#8220;default&#8220; text_font_size=&#8220;16px&#8220; text_line_height=&#8220;1.8em&#8220; header_2_font=&#8220;|700|||||||&#8220; header_2_text_color=&#8220;#3A3123&#8243; header_2_font_size=&#8220;72px&#8220; max_width=&#8220;600px&#8220; custom_margin=&#8220;||0px||false|false&#8220; header_2_font_size_tablet=&#8220;48px&#8220; header_2_font_size_phone=&#8220;32px&#8220; header_2_font_size_last_edited=&#8220;on|phone&#8220; global_colors_info=&#8220;{}&#8220;]<\/p>\n<h2>Ruhe und Entspannung<\/h2>\n<p>[\/et_pb_text][et_pb_divider color=&#8220;rgba(51,51,51,0.1)&#8220; _builder_version=&#8220;4.17.4&#8243; _module_preset=&#8220;default&#8220; width=&#8220;88%&#8220; module_alignment=&#8220;left&#8220; custom_margin=&#8220;0px||12px||false|false&#8220; custom_padding=&#8220;0px||0px||false|false&#8220; global_colors_info=&#8220;{}&#8220;][\/et_pb_divider][et_pb_text _builder_version=&#8220;4.17.4&#8243; _module_preset=&#8220;default&#8220; text_font=&#8220;|300|||||||&#8220; text_text_color=&#8220;#3A3123&#8243; text_line_height=&#8220;1.6em&#8220; width=&#8220;82%&#8220; locked=&#8220;off&#8220; global_colors_info=&#8220;{}&#8220;]<\/p>\n<p>Die <span style=\"color: #d19b07;\"><strong>Gegend von Tarvis<\/strong><\/span> ist ein Naturgebiet zwischen den <span style=\"color: #d19b07;\"><strong>Julischen Alpen<\/strong><\/span> und dem <span style=\"color: #d19b07;\"><strong>Tausendj\u00e4hrigen Wald<\/strong><\/span>.<\/p>\n<p>Der Winter in Tarvis ist sehr abwechslungsreich, denn die Berge und Landschaften der Region sind wie vom Schnee verzaubert. F\u00fcr Wintersportler gibt es bestens pr\u00e4parierte Skipisten und Langlaufloipen, Winterwanderwege und Rodelbahnen sowie Fahrten mit dem Pferdeschlitten.<\/p>\n<p>[\/et_pb_text][et_pb_text _builder_version=&#8220;4.17.4&#8243; _module_preset=&#8220;default&#8220; text_font=&#8220;|300|||||||&#8220; text_text_color=&#8220;#3A3123&#8243; text_line_height=&#8220;1.6em&#8220; width=&#8220;82%&#8220; locked=&#8220;off&#8220; global_colors_info=&#8220;{}&#8220;]<\/p>\n<p>Sport, Spa\u00df und Adrenalin f\u00fcr den Aktivurlaub, aber auch Entspannung und kinderfreundliche Aktivit\u00e4ten. Eine einzigartige Umgebung, in der jedes Detail unbezahlbare Emotionen, Empfindungen und Erinnerungen hervorruft.<\/p>\n<p>[\/et_pb_text][\/et_pb_column][et_pb_column type=&#8220;3_5&#8243; _builder_version=&#8220;4.16&#8243; _module_preset=&#8220;default&#8220; global_colors_info=&#8220;{}&#8220;][et_pb_image src=&#8220;https:\/\/www.hotelilcervo.com\/wp-content\/uploads\/2022\/06\/hotel-cervo-tarvisio-Cervo-foto-territorio.jpg&#8220; title_text=&#8220;hotel-cervo-tarvisio- Cervo &#8211; foto territorio&#8220; align=&#8220;right&#8220; _builder_version=&#8220;4.17.4&#8243; _module_preset=&#8220;default&#8220; global_colors_info=&#8220;{}&#8220;][\/et_pb_image][et_pb_text _builder_version=&#8220;4.17.4&#8243; _module_preset=&#8220;default&#8220; text_font=&#8220;|300|||||||&#8220; text_text_color=&#8220;#3A3123&#8243; transform_translate_linked=&#8220;off&#8220; global_colors_info=&#8220;{}&#8220;]<\/p>\n<p style=\"text-align: right;\"><em>Skipisten 100 m vom Hotel entfernt<\/em><\/p>\n<p>[\/et_pb_text][\/et_pb_column][\/et_pb_row][et_pb_row _builder_version=&#8220;4.17.4&#8243; _module_preset=&#8220;default&#8220; global_colors_info=&#8220;{}&#8220;][et_pb_column type=&#8220;4_4&#8243; _builder_version=&#8220;4.17.4&#8243; _module_preset=&#8220;default&#8220; global_colors_info=&#8220;{}&#8220;][et_pb_video src=&#8220;https:\/\/www.youtube.com\/watch?v=BkSbdrNMX5o&#8220; _builder_version=&#8220;4.17.4&#8243; _module_preset=&#8220;default&#8220; global_colors_info=&#8220;{}&#8220;][\/et_pb_video][\/et_pb_column][\/et_pb_row][et_pb_row column_structure=&#8220;1_3,1_3,1_3&#8243; _builder_version=&#8220;4.17.4&#8243; _module_preset=&#8220;default&#8220; custom_margin=&#8220;40px||||false|false&#8220; global_colors_info=&#8220;{}&#8220;][et_pb_column type=&#8220;1_3&#8243; _builder_version=&#8220;4.17.4&#8243; _module_preset=&#8220;default&#8220; global_colors_info=&#8220;{}&#8220;][et_pb_video src=&#8220;https:\/\/www.youtube.com\/watch?v=_rec8moycRs&#8220; _builder_version=&#8220;4.17.4&#8243; _module_preset=&#8220;default&#8220; global_colors_info=&#8220;{}&#8220;][\/et_pb_video][\/et_pb_column][et_pb_column type=&#8220;1_3&#8243; _builder_version=&#8220;4.17.4&#8243; _module_preset=&#8220;default&#8220; global_colors_info=&#8220;{}&#8220;][et_pb_video src=&#8220;https:\/\/www.youtube.com\/watch?v=TWM8OWUcr_k&#8220; _builder_version=&#8220;4.17.4&#8243; _module_preset=&#8220;default&#8220; global_colors_info=&#8220;{}&#8220;][\/et_pb_video][\/et_pb_column][et_pb_column type=&#8220;1_3&#8243; _builder_version=&#8220;4.17.4&#8243; _module_preset=&#8220;default&#8220; global_colors_info=&#8220;{}&#8220;][et_pb_video src=&#8220;https:\/\/www.youtube.com\/watch?v=oJ0kepWqK4Q&#8220; _builder_version=&#8220;4.17.4&#8243; _module_preset=&#8220;default&#8220; global_colors_info=&#8220;{}&#8220;][\/et_pb_video][\/et_pb_column][\/et_pb_row][et_pb_row column_structure=&#8220;1_2,1_2&#8243; _builder_version=&#8220;4.17.4&#8243; _module_preset=&#8220;default&#8220; global_colors_info=&#8220;{}&#8220;][et_pb_column type=&#8220;1_2&#8243; _builder_version=&#8220;4.17.4&#8243; _module_preset=&#8220;default&#8220; global_colors_info=&#8220;{}&#8220;][et_pb_text _builder_version=&#8220;4.17.4&#8243; _module_preset=&#8220;default&#8220; text_font=&#8220;|300|||||||&#8220; text_text_color=&#8220;#3A3123&#8243; width=&#8220;88%&#8220; global_colors_info=&#8220;{}&#8220;]<\/p>\n<p><span style=\"color: #d19b07;\"><strong>Schlittenhunde<\/strong><\/span><\/p>\n<p><strong><\/strong>Erleben Sie den Nervenkitzel, mit dem gleichen Transportmittel wie die Eskimos und Athabasken-Indianer zu fahren: Hundeschlitten. Eine spannende Aktivit\u00e4t in Kontakt mit der Natur und den zutraulichen Huskies, die f\u00fcr die ganze Familie geeignet ist.<\/p>\n<p><span style=\"color: #d19b07;\"><strong> <\/strong><\/span><\/p>\n<p><span style=\"color: #d19b07;\"><strong>Schlittschuhlaufen<\/strong><\/span><\/p>\n<p>Sie k\u00f6nnen Schlittschuhe f\u00fcr die ganze Familie mieten und Spa\u00df im Palavuerich in Pontafel haben!<br \/>Schneevergn\u00fcgungspark<br \/>Spa\u00df f\u00fcr Kinder im Snow &amp; Fun Park auf der Piana dell&#8217;Angelo in Tarvis, direkt an den Skipisten. Schneespiele, Platz f\u00fcr Schlitten und Rutschreifen, eine Schlittschuhbahn und ein \u00dcbungsfeld f\u00fcr den ersten Schnee.<\/p>\n<p>&nbsp;<\/p>\n<p><span style=\"color: #d19b07;\"><strong>Luschariberg<\/strong><\/span><\/p>\n<p>Seine Einzigartigkeit besteht in der Pr\u00e4senz eines Dorfes auf seinem Gipfel in 1.790 m H\u00f6he, das auch ein Wallfahrtsort und Symbol des Dreil\u00e4nderecks ist. Von hier aus bietet sich dem Betrachter eine atemberaubende Naturkulisse mit majest\u00e4tischen Gipfeln.<\/p>\n<p>Man kann das Dorf mit der Seilbahn auf den Luschariberg oder zu Fu\u00df \u00fcber den Pilgerweg erreichen. Der lange Aufstieg wird durch die atemberaubende Landschaft und die Ruhe und Stille der Berge belohnt.<\/p>\n<p>&nbsp;<\/p>\n<p>[\/et_pb_text][\/et_pb_column][et_pb_column type=&#8220;1_2&#8243; _builder_version=&#8220;4.17.4&#8243; _module_preset=&#8220;default&#8220; global_colors_info=&#8220;{}&#8220;][et_pb_text _builder_version=&#8220;4.17.4&#8243; _module_preset=&#8220;default&#8220; text_font=&#8220;|300|||||||&#8220; text_text_color=&#8220;#3A3123&#8243; width=&#8220;88%&#8220; global_colors_info=&#8220;{}&#8220;]<\/p>\n<p><span style=\"color: #d19b07;\"><strong>Schneeschuhe<br \/><\/strong><\/span><br \/>Die Geheimnisse des schneebedeckten Berges zu entdecken, mit dem Hintergrundger\u00e4usch des Windes in den B\u00e4umen, dem eigenen Atem und dem ged\u00e4mpften Ger\u00e4usch der Schritte im Schnee.<\/p>\n<p><span style=\"color: #d19b07;\"><strong>Schienenrodelbahn<\/strong><\/span><\/p>\n<p>880 m lange Bahn mit Loops, Woops und Bumps f\u00fcr einen Adrenalinschub, direkt neben dem Snow &amp; Fun Park.<br \/>Ice driving<br \/>Ein Rundkurs auf einer vollst\u00e4ndig gefrorenen und schneebedeckten Fl\u00e4che, auf dem sichere Fahrkurse sowohl mit dem eigenen Auto als auch mit dem von der Organisation zur Verf\u00fcgung gestellten Fahrzeug organisiert werden.<\/p>\n<p><span style=\"color: #d19b07;\"><strong><br \/>Wei\u00dfenfelser Seen<\/strong><\/span><\/p>\n<p>Das Becken der Wei\u00dfenfelser Seen ist einer der faszinierendsten Orte in den Ostalpen. Es liegt nur wenige Kilometer von Tarvis entfernt, dem letzten Ort vor der \u00f6sterreichischen und slowenischen Grenze.<\/p>\n<p>Das Tal der Wei\u00dfenfelser Seen erscheint wie eine verwunschene Welt. Die Gletscherseen, die durch einfache Wege miteinander verbunden sind, liegen inmitten eines dichten Fichtenwaldes. Alle Giganten der Julischen Alpen spiegeln sich in den ruhigen Gew\u00e4ssern der Seen. Leise ziehen kleine Boote an den Enten und Stockenten vorbei.<\/p>\n<p>[\/et_pb_text][\/et_pb_column][\/et_pb_row][\/et_pb_section][et_pb_section fb_built=&#8220;1&#8243; admin_label=&#8220;About&#8220; _builder_version=&#8220;4.16&#8243; _module_preset=&#8220;default&#8220; locked=&#8220;off&#8220; global_colors_info=&#8220;{}&#8220;][et_pb_row column_structure=&#8220;2_5,3_5&#8243; _builder_version=&#8220;4.17.4&#8243; _module_preset=&#8220;default&#8220; background_color=&#8220;#F5F0E9&#8243; custom_padding=&#8220;|||40px|false|false&#8220; box_shadow_style=&#8220;preset4&#8243; box_shadow_horizontal=&#8220;80px&#8220; box_shadow_vertical=&#8220;48px&#8220; box_shadow_spread=&#8220;80px&#8220; box_shadow_color=&#8220;#F5F0E9&#8243; global_colors_info=&#8220;{}&#8220;][et_pb_column type=&#8220;2_5&#8243; _builder_version=&#8220;4.16&#8243; _module_preset=&#8220;default&#8220; global_colors_info=&#8220;{}&#8220;][et_pb_text _builder_version=&#8220;4.17.4&#8243; _module_preset=&#8220;default&#8220; text_font_size=&#8220;16px&#8220; text_line_height=&#8220;1.8em&#8220; header_2_font=&#8220;|700|||||||&#8220; header_2_text_color=&#8220;#3A3123&#8243; header_2_font_size=&#8220;72px&#8220; max_width=&#8220;600px&#8220; custom_margin=&#8220;||0px||false|false&#8220; header_2_font_size_tablet=&#8220;48px&#8220; header_2_font_size_phone=&#8220;32px&#8220; header_2_font_size_last_edited=&#8220;on|phone&#8220; global_colors_info=&#8220;{}&#8220;]<\/p>\n<h2>Ein multikultureller Urlaub<\/h2>\n<p>[\/et_pb_text][et_pb_divider color=&#8220;rgba(51,51,51,0.1)&#8220; _builder_version=&#8220;4.17.4&#8243; _module_preset=&#8220;default&#8220; width=&#8220;100%&#8220; module_alignment=&#8220;left&#8220; custom_margin=&#8220;0px||12px||false|false&#8220; custom_padding=&#8220;0px||0px||false|false&#8220; global_colors_info=&#8220;{}&#8220;][\/et_pb_divider][et_pb_text _builder_version=&#8220;4.17.4&#8243; _module_preset=&#8220;default&#8220; text_font=&#8220;|300|||||||&#8220; text_text_color=&#8220;#3A3123&#8243; text_line_height=&#8220;1.6em&#8220; width=&#8220;64%&#8220; width_tablet=&#8220;64%&#8220; width_phone=&#8220;100%&#8220; width_last_edited=&#8220;on|phone&#8220; locked=&#8220;off&#8220; global_colors_info=&#8220;{}&#8220;]<\/p>\n<p style=\"text-align: left;\"><span>Dank der g\u00fcnstigen Lage von Tarvis k\u00f6nnen Sie von hier aus innerhalb eines Tages die wichtigsten Fremdenverkehrsorte Italiens, \u00d6sterreichs und Sloweniens sowie das wundersch\u00f6ne Venedig besuchen, das nur 200 km entfernt liegt.<\/span><\/p>\n<p style=\"text-align: left;\"><strong>Wir organisieren Ausfl\u00fcge und Wanderungen f\u00fcr kleine und gro\u00dfe Gruppen, die von unserem Hotel aus starten. <\/strong><\/p>\n<p>[\/et_pb_text][et_pb_button button_url=&#8220;@ET-DC@eyJkeW5hbWljIjp0cnVlLCJjb250ZW50IjoicG9zdF9saW5rX3VybF9wYWdlIiwic2V0dGluZ3MiOnsicG9zdF9pZCI6IjkxNiJ9fQ==@&#8220; button_text=&#8220;MEHR ERFAHREN&#8220; button_alignment=&#8220;left&#8220; button_alignment_tablet=&#8220;left&#8220; button_alignment_phone=&#8220;&#8220; button_alignment_last_edited=&#8220;on|tablet&#8220; _builder_version=&#8220;4.17.4&#8243; _dynamic_attributes=&#8220;button_url&#8220; _module_preset=&#8220;default&#8220; custom_button=&#8220;on&#8220; button_text_size=&#8220;14px&#8220; button_text_color=&#8220;#3A3123&#8243; button_bg_color=&#8220;#E9C172&#8243; button_border_color=&#8220;rgba(0,0,0,0)&#8220; button_border_radius=&#8220;0px&#8220; button_letter_spacing=&#8220;4px&#8220; button_font=&#8220;Cormorant Garamond|700||on|||||&#8220; button_icon=&#8220;&#x24;||divi||400&#8243; background_layout=&#8220;dark&#8220; custom_margin=&#8220;40px||||false|false&#8220; custom_margin_tablet=&#8220;||||false|false&#8220; custom_margin_phone=&#8220;|||0px|false|false&#8220; custom_margin_last_edited=&#8220;on|phone&#8220; custom_padding=&#8220;15px|40px|15px|40px|true|true&#8220; button_text_size_tablet=&#8220;14px&#8220; button_text_size_phone=&#8220;12px&#8220; button_text_size_last_edited=&#8220;on|phone&#8220; locked=&#8220;off&#8220; global_colors_info=&#8220;{}&#8220;][\/et_pb_button][\/et_pb_column][et_pb_column type=&#8220;3_5&#8243; _builder_version=&#8220;4.16&#8243; _module_preset=&#8220;default&#8220; global_colors_info=&#8220;{}&#8220;][et_pb_image src=&#8220;https:\/\/www.hotelilcervo.com\/wp-content\/uploads\/2022\/06\/hotel-cervo-tarvisio-montagne-friulane.jpg&#8220; title_text=&#8220;hotel-cervo-tarvisio- montagne-friulane&#8220; _builder_version=&#8220;4.17.4&#8243; _module_preset=&#8220;default&#8220; global_colors_info=&#8220;{}&#8220;][\/et_pb_image][\/et_pb_column][\/et_pb_row][et_pb_row _builder_version=&#8220;4.17.4&#8243; _module_preset=&#8220;default&#8220; background_color=&#8220;#F5F0E9&#8243; custom_padding=&#8220;|||40px|false|false&#8220; box_shadow_style=&#8220;preset4&#8243; box_shadow_horizontal=&#8220;80px&#8220; box_shadow_vertical=&#8220;0px&#8220; box_shadow_spread=&#8220;80px&#8220; box_shadow_color=&#8220;#F5F0E9&#8243; global_colors_info=&#8220;{}&#8220;][et_pb_column type=&#8220;4_4&#8243; _builder_version=&#8220;4.17.4&#8243; _module_preset=&#8220;default&#8220; global_colors_info=&#8220;{}&#8220;][et_pb_gallery gallery_ids=&#8220;2418,2416,2415,2417&#8243; show_title_and_caption=&#8220;off&#8220; zoom_icon_color=&#8220;#3A3123&#8243; hover_overlay_color=&#8220;rgba(250,245,225,0.54)&#8220; hover_icon=&#8220;T||divi||400&#8243; _builder_version=&#8220;4.17.4&#8243; _module_preset=&#8220;default&#8220; global_colors_info=&#8220;{}&#8220;][\/et_pb_gallery][\/et_pb_column][\/et_pb_row][\/et_pb_section]<\/p>\n","protected":false},"excerpt":{"rendered":"<p>Winter in Tarvisdas ideale Klima f\u00fcr Sport &amp; EntspannungRuhe und EntspannungDie Gegend von Tarvis ist ein Naturgebiet zwischen den Julischen Alpen und dem Tausendj\u00e4hrigen Wald. Der Winter in Tarvis ist sehr abwechslungsreich, denn die Berge und Landschaften der Region sind wie vom Schnee verzaubert. F\u00fcr Wintersportler gibt es bestens pr\u00e4parierte Skipisten und Langlaufloipen, Winterwanderwege und [&hellip;]<\/p>\n","protected":false},"author":2,"featured_media":0,"parent":3285,"menu_order":0,"comment_status":"closed","ping_status":"closed","template":"","meta":{"_et_pb_use_builder":"on","_et_pb_old_content":"","_et_gb_content_width":"","footnotes":""},"class_list":["post-3301","page","type-page","status-publish","hentry"],"yoast_head":"<!-- This site is optimized with the Yoast SEO plugin v27.4 - https:\/\/yoast.com\/product\/yoast-seo-wordpress\/ -->\n<title>Winter | Hotel Cervo<\/title>\n<meta name=\"description\" content=\"Le montagne e i paesaggi del tarvisiano resi incantati dalla neve, l\u2019inverno a Tarvisio offre una grande variet\u00e0 di esperienze e attivit\u00e0.\" \/>\n<meta name=\"robots\" content=\"index, follow, max-snippet:-1, max-image-preview:large, max-video-preview:-1\" \/>\n<link rel=\"canonical\" href=\"https:\/\/www.hotelilcervo.com\/de\/attivita-e-territorio\/winter\/\" \/>\n<meta property=\"og:locale\" content=\"de_DE\" \/>\n<meta property=\"og:type\" content=\"article\" \/>\n<meta property=\"og:title\" content=\"Winter | Hotel Cervo\" \/>\n<meta property=\"og:description\" content=\"Le montagne e i paesaggi del tarvisiano resi incantati dalla neve, l\u2019inverno a Tarvisio offre una grande variet\u00e0 di esperienze e attivit\u00e0.\" \/>\n<meta property=\"og:url\" content=\"https:\/\/www.hotelilcervo.com\/de\/attivita-e-territorio\/winter\/\" \/>\n<meta property=\"og:site_name\" content=\"Hotel Cervo\" \/>\n<meta property=\"article:modified_time\" content=\"2023-07-07T13:37:35+00:00\" \/>\n<meta name=\"twitter:card\" content=\"summary_large_image\" \/>\n<meta name=\"twitter:label1\" content=\"Gesch\u00e4tzte Lesezeit\" \/>\n\t<meta name=\"twitter:data1\" content=\"9\u00a0Minuten\" \/>\n<script type=\"application\/ld+json\" class=\"yoast-schema-graph\">{\"@context\":\"https:\\\/\\\/schema.org\",\"@graph\":[{\"@type\":\"WebPage\",\"@id\":\"https:\\\/\\\/www.hotelilcervo.com\\\/de\\\/attivita-e-territorio\\\/winter\\\/\",\"url\":\"https:\\\/\\\/www.hotelilcervo.com\\\/de\\\/attivita-e-territorio\\\/winter\\\/\",\"name\":\"Winter | Hotel Cervo\",\"isPartOf\":{\"@id\":\"https:\\\/\\\/www.hotelilcervo.com\\\/#website\"},\"datePublished\":\"2022-05-24T11:54:37+00:00\",\"dateModified\":\"2023-07-07T13:37:35+00:00\",\"description\":\"Le montagne e i paesaggi del tarvisiano resi incantati dalla neve, l\u2019inverno a Tarvisio offre una grande variet\u00e0 di esperienze e attivit\u00e0.\",\"breadcrumb\":{\"@id\":\"https:\\\/\\\/www.hotelilcervo.com\\\/de\\\/attivita-e-territorio\\\/winter\\\/#breadcrumb\"},\"inLanguage\":\"de\",\"potentialAction\":[{\"@type\":\"ReadAction\",\"target\":[\"https:\\\/\\\/www.hotelilcervo.com\\\/de\\\/attivita-e-territorio\\\/winter\\\/\"]}]},{\"@type\":\"BreadcrumbList\",\"@id\":\"https:\\\/\\\/www.hotelilcervo.com\\\/de\\\/attivita-e-territorio\\\/winter\\\/#breadcrumb\",\"itemListElement\":[{\"@type\":\"ListItem\",\"position\":1,\"name\":\"Home\",\"item\":\"https:\\\/\\\/www.hotelilcervo.com\\\/de\\\/\"},{\"@type\":\"ListItem\",\"position\":2,\"name\":\"Attivit\u00e0 e territorio\",\"item\":\"https:\\\/\\\/www.hotelilcervo.com\\\/de\\\/attivita-e-territorio\\\/\"},{\"@type\":\"ListItem\",\"position\":3,\"name\":\"Winter\"}]},{\"@type\":\"WebSite\",\"@id\":\"https:\\\/\\\/www.hotelilcervo.com\\\/#website\",\"url\":\"https:\\\/\\\/www.hotelilcervo.com\\\/\",\"name\":\"Hotel Cervo\",\"description\":\"\",\"publisher\":{\"@id\":\"https:\\\/\\\/www.hotelilcervo.com\\\/#organization\"},\"potentialAction\":[{\"@type\":\"SearchAction\",\"target\":{\"@type\":\"EntryPoint\",\"urlTemplate\":\"https:\\\/\\\/www.hotelilcervo.com\\\/?s={search_term_string}\"},\"query-input\":{\"@type\":\"PropertyValueSpecification\",\"valueRequired\":true,\"valueName\":\"search_term_string\"}}],\"inLanguage\":\"de\"},{\"@type\":\"Organization\",\"@id\":\"https:\\\/\\\/www.hotelilcervo.com\\\/#organization\",\"name\":\"Hotel il Cervo - Tarvisio (UD)\",\"url\":\"https:\\\/\\\/www.hotelilcervo.com\\\/\",\"logo\":{\"@type\":\"ImageObject\",\"inLanguage\":\"de\",\"@id\":\"https:\\\/\\\/www.hotelilcervo.com\\\/#\\\/schema\\\/logo\\\/image\\\/\",\"url\":\"https:\\\/\\\/www.hotelilcervo.com\\\/wp-content\\\/uploads\\\/2022\\\/05\\\/Hotel-Hotel-Cervo-Tarvisio-logo.png\",\"contentUrl\":\"https:\\\/\\\/www.hotelilcervo.com\\\/wp-content\\\/uploads\\\/2022\\\/05\\\/Hotel-Hotel-Cervo-Tarvisio-logo.png\",\"width\":2128,\"height\":1127,\"caption\":\"Hotel il Cervo - Tarvisio (UD)\"},\"image\":{\"@id\":\"https:\\\/\\\/www.hotelilcervo.com\\\/#\\\/schema\\\/logo\\\/image\\\/\"}}]}<\/script>\n<!-- \/ Yoast SEO plugin. -->","yoast_head_json":{"title":"Winter | Hotel Cervo","description":"Le montagne e i paesaggi del tarvisiano resi incantati dalla neve, l\u2019inverno a Tarvisio offre una grande variet\u00e0 di esperienze e attivit\u00e0.","robots":{"index":"index","follow":"follow","max-snippet":"max-snippet:-1","max-image-preview":"max-image-preview:large","max-video-preview":"max-video-preview:-1"},"canonical":"https:\/\/www.hotelilcervo.com\/de\/attivita-e-territorio\/winter\/","og_locale":"de_DE","og_type":"article","og_title":"Winter | Hotel Cervo","og_description":"Le montagne e i paesaggi del tarvisiano resi incantati dalla neve, l\u2019inverno a Tarvisio offre una grande variet\u00e0 di esperienze e attivit\u00e0.","og_url":"https:\/\/www.hotelilcervo.com\/de\/attivita-e-territorio\/winter\/","og_site_name":"Hotel Cervo","article_modified_time":"2023-07-07T13:37:35+00:00","twitter_card":"summary_large_image","twitter_misc":{"Gesch\u00e4tzte Lesezeit":"9\u00a0Minuten"},"schema":{"@context":"https:\/\/schema.org","@graph":[{"@type":"WebPage","@id":"https:\/\/www.hotelilcervo.com\/de\/attivita-e-territorio\/winter\/","url":"https:\/\/www.hotelilcervo.com\/de\/attivita-e-territorio\/winter\/","name":"Winter | Hotel Cervo","isPartOf":{"@id":"https:\/\/www.hotelilcervo.com\/#website"},"datePublished":"2022-05-24T11:54:37+00:00","dateModified":"2023-07-07T13:37:35+00:00","description":"Le montagne e i paesaggi del tarvisiano resi incantati dalla neve, l\u2019inverno a Tarvisio offre una grande variet\u00e0 di esperienze e attivit\u00e0.","breadcrumb":{"@id":"https:\/\/www.hotelilcervo.com\/de\/attivita-e-territorio\/winter\/#breadcrumb"},"inLanguage":"de","potentialAction":[{"@type":"ReadAction","target":["https:\/\/www.hotelilcervo.com\/de\/attivita-e-territorio\/winter\/"]}]},{"@type":"BreadcrumbList","@id":"https:\/\/www.hotelilcervo.com\/de\/attivita-e-territorio\/winter\/#breadcrumb","itemListElement":[{"@type":"ListItem","position":1,"name":"Home","item":"https:\/\/www.hotelilcervo.com\/de\/"},{"@type":"ListItem","position":2,"name":"Attivit\u00e0 e territorio","item":"https:\/\/www.hotelilcervo.com\/de\/attivita-e-territorio\/"},{"@type":"ListItem","position":3,"name":"Winter"}]},{"@type":"WebSite","@id":"https:\/\/www.hotelilcervo.com\/#website","url":"https:\/\/www.hotelilcervo.com\/","name":"Hotel Cervo","description":"","publisher":{"@id":"https:\/\/www.hotelilcervo.com\/#organization"},"potentialAction":[{"@type":"SearchAction","target":{"@type":"EntryPoint","urlTemplate":"https:\/\/www.hotelilcervo.com\/?s={search_term_string}"},"query-input":{"@type":"PropertyValueSpecification","valueRequired":true,"valueName":"search_term_string"}}],"inLanguage":"de"},{"@type":"Organization","@id":"https:\/\/www.hotelilcervo.com\/#organization","name":"Hotel il Cervo - Tarvisio (UD)","url":"https:\/\/www.hotelilcervo.com\/","logo":{"@type":"ImageObject","inLanguage":"de","@id":"https:\/\/www.hotelilcervo.com\/#\/schema\/logo\/image\/","url":"https:\/\/www.hotelilcervo.com\/wp-content\/uploads\/2022\/05\/Hotel-Hotel-Cervo-Tarvisio-logo.png","contentUrl":"https:\/\/www.hotelilcervo.com\/wp-content\/uploads\/2022\/05\/Hotel-Hotel-Cervo-Tarvisio-logo.png","width":2128,"height":1127,"caption":"Hotel il Cervo - Tarvisio (UD)"},"image":{"@id":"https:\/\/www.hotelilcervo.com\/#\/schema\/logo\/image\/"}}]}},"_links":{"self":[{"href":"https:\/\/www.hotelilcervo.com\/de\/wp-json\/wp\/v2\/pages\/3301","targetHints":{"allow":["GET"]}}],"collection":[{"href":"https:\/\/www.hotelilcervo.com\/de\/wp-json\/wp\/v2\/pages"}],"about":[{"href":"https:\/\/www.hotelilcervo.com\/de\/wp-json\/wp\/v2\/types\/page"}],"author":[{"embeddable":true,"href":"https:\/\/www.hotelilcervo.com\/de\/wp-json\/wp\/v2\/users\/2"}],"replies":[{"embeddable":true,"href":"https:\/\/www.hotelilcervo.com\/de\/wp-json\/wp\/v2\/comments?post=3301"}],"version-history":[{"count":7,"href":"https:\/\/www.hotelilcervo.com\/de\/wp-json\/wp\/v2\/pages\/3301\/revisions"}],"predecessor-version":[{"id":3310,"href":"https:\/\/www.hotelilcervo.com\/de\/wp-json\/wp\/v2\/pages\/3301\/revisions\/3310"}],"up":[{"embeddable":true,"href":"https:\/\/www.hotelilcervo.com\/de\/wp-json\/wp\/v2\/pages\/3285"}],"wp:attachment":[{"href":"https:\/\/www.hotelilcervo.com\/de\/wp-json\/wp\/v2\/media?parent=3301"}],"curies":[{"name":"wp","href":"https:\/\/api.w.org\/{rel}","templated":true}]}}